{"id":365,"date":"2022-09-29T11:07:58","date_gmt":"2022-09-29T11:07:58","guid":{"rendered":"https:\/\/mantaroofs.be\/?page_id=365"},"modified":"2023-06-29T07:21:07","modified_gmt":"2023-06-29T07:21:07","slug":"faq","status":"publish","type":"page","link":"https:\/\/mantaroofs.be\/fr\/faq\/","title":{"rendered":"Faq"},"content":{"rendered":"<div id=\"fws_69de754c2d0c5\"  data-column-margin=\"default\" data-midnight=\"dark\" data-top-percent=\"5%\" data-bottom-percent=\"5%\"  class=\"wpb_row vc_row-fluid vc_row full-width-content vc_row-o-equal-height vc_row-flex vc_row-o-content-top\"  style=\"padding-top: calc(100vw * 0.05); padding-bottom: calc(100vw * 0.05); \"><div class=\"row-bg-wrap\" data-bg-animation=\"none\" data-bg-animation-delay=\"\" data-bg-overlay=\"false\"><div class=\"inner-wrap row-bg-layer\" ><div class=\"row-bg viewport-desktop\"  style=\"\"><\/div><\/div><\/div><div class=\"row_col_wrap_12 col span_12 dark left\">\n\t<div  class=\"vc_col-sm-12 wpb_column column_container vc_column_container col nectar-sticky-column-css--middle nectar-sticky-column-css padding-4-percent padding-5-percent_tablet inherit_phone\"  data-padding-pos=\"left-right\" data-has-bg-color=\"false\" data-bg-color=\"\" data-bg-opacity=\"1\" data-animation=\"\" data-delay=\"0\" >\n\t\t<div class=\"vc_column-inner\" >\n\t\t\t<div class=\"wpb_wrapper\">\n\t\t\t\t\n<div class=\"wpb_text_column wpb_content_element\" >\n\t<div class=\"wpb_wrapper\">\n\t\t<h1>Faq<\/h1>\n\t<\/div>\n<\/div>\n\n\n\n<div class=\"nectar-split-heading\" data-align=\"default\" data-m-align=\"inherit\" data-text-effect=\"default\" data-animation-type=\"line-reveal-by-space\" data-animation-delay=\"0\" data-animation-offset=\"\" data-m-rm-animation=\"\" data-stagger=\"true\" data-custom-font-size=\"true\" style=\"font-size: 3vw; line-height: 3.3vw;\"><h2 style=\"max-width: 80%;\">Foire aux questions<\/h2><\/div><div class=\"toggles\" data-br=\"\" data-starting=\"default\" data-style=\"minimal\"><div class=\"toggle default\" data-inner-wrap=\"true\"><h3 class=\"toggle-title\"><a href=\"#\" class=\"toggle-heading\"><i class=\"fa fa-plus-circle\"><\/i>Quel est le d\u00e9lai de livraison des toits Manta ?<\/a><\/h3><div><div class=\"inner-toggle-wrap\">\n<div class=\"wpb_text_column wpb_content_element\" >\n\t<div class=\"wpb_wrapper\">\n\t\t<p class=\"p1\">Le d\u00e9lai de livraison pr\u00e9vu \u00e0 partir de l'\u00e9mission de la commande est de 4 \u00e0 6 semaines. Nous nous effor\u00e7ons de respecter ce d\u00e9lai de livraison. Si nous ne pouvons pas le respecter en raison de circonstances impr\u00e9vues, nous vous en informerons en temps utile. Pendant le processus de production, vous serez inform\u00e9 par courrier \u00e9lectronique des diff\u00e9rentes \u00e9tapes du projet. En outre, votre gestionnaire de compte est g\u00e9n\u00e9ralement disponible pour vous fournir des informations.<\/p>\n\t<\/div>\n<\/div>\n\n\n\n<\/div><\/div><\/div><div class=\"toggle default\" data-inner-wrap=\"true\"><h3 class=\"toggle-title\"><a href=\"#\" class=\"toggle-heading\"><i class=\"fa fa-plus-circle\"><\/i>Quelles sont les couleurs de b\u00e2che disponibles ?<\/a><\/h3><div><div class=\"inner-toggle-wrap\">\n<div class=\"wpb_text_column wpb_content_element\" >\n\t<div class=\"wpb_wrapper\">\n\t\t<p class=\"p1\">Nos b\u00e2ches sont disponibles en 24 couleurs diff\u00e9rentes. Nous nous rendons toujours chez vous avec une carte d'\u00e9chantillons que vous pouvez consulter. Ensuite, nous laissons les \u00e9chantillons que vous avez choisis au format A4 pour que vous puissiez les examiner \u00e0 nouveau dans diff\u00e9rentes conditions m\u00e9t\u00e9orologiques. Les couleurs les plus populaires sont Taupe et Anthracite, mais gr\u00e2ce \u00e0 notre large gamme, il y a toujours une couleur qui r\u00e9pond \u00e0 vos besoins.<\/p>\n\t<\/div>\n<\/div>\n\n\n\n<\/div><\/div><\/div><div class=\"toggle default\" data-inner-wrap=\"true\"><h3 class=\"toggle-title\"><a href=\"#\" class=\"toggle-heading\"><i class=\"fa fa-plus-circle\"><\/i>Puis-je installer des appareils de chauffage sous la b\u00e2che ?<\/a><\/h3><div><div class=\"inner-toggle-wrap\">\n<div class=\"wpb_text_column wpb_content_element\" >\n\t<div class=\"wpb_wrapper\">\n\t\t<p>Vous pouvez. Aucun textile sur le march\u00e9 n'est r\u00e9sistant au feu, mais tant que vous restez \u00e0 une distance d'au moins 20 centim\u00e8tres, vous pouvez placer un chauffage ou m\u00eame un barbecue.<\/p>\n\t<\/div>\n<\/div>\n\n\n\n<\/div><\/div><\/div><div class=\"toggle default\" data-inner-wrap=\"true\"><h3 class=\"toggle-title\"><a href=\"#\" class=\"toggle-heading\"><i class=\"fa fa-plus-circle\"><\/i>Quel est le co\u00fbt d'une b\u00e2che de Manta Roofs ?<\/a><\/h3><div><div class=\"inner-toggle-wrap\">\n<div class=\"wpb_text_column wpb_content_element\" >\n\t<div class=\"wpb_wrapper\">\n\t\t<p class=\"p1\">Nous offrons un espace ext\u00e9rieur unique qui peut rester en place quelles que soient les conditions m\u00e9t\u00e9orologiques. Nous sommes donc en concurrence avec les auvents fixes et nous nous situons dans une gamme de prix similaire. Il est donc difficile de donner un prix au m\u00e8tre carr\u00e9, car il d\u00e9pend \u00e0 la fois des mat\u00e9riaux de construction et de la surface de la b\u00e2che. Si vous souhaitez en savoir plus sur votre emplacement sp\u00e9cifique, nous serons heureux de recevoir votre demande accompagn\u00e9e de photos et de vous fournir une indication de co\u00fbt par t\u00e9l\u00e9phone.<\/p>\n\t<\/div>\n<\/div>\n\n\n\n<\/div><\/div><\/div><div class=\"toggle default\" data-inner-wrap=\"true\"><h3 class=\"toggle-title\"><a href=\"#\" class=\"toggle-heading\"><i class=\"fa fa-plus-circle\"><\/i>Quelle est la garantie d'un auvent en b\u00e2che ?<\/a><\/h3><div><div class=\"inner-toggle-wrap\">\n<div class=\"wpb_text_column wpb_content_element\" >\n\t<div class=\"wpb_wrapper\">\n\t\t<p class=\"p1\">Nous offrons une garantie de cinq ans sur la b\u00e2che et les mat\u00e9riaux de construction. Cette garantie ne couvre pas les dommages caus\u00e9s par le vandalisme, les charges de neige et les catastrophes naturelles.<\/p>\n\t<\/div>\n<\/div>\n\n\n\n<\/div><\/div><\/div><div class=\"toggle default\" data-inner-wrap=\"true\"><h3 class=\"toggle-title\"><a href=\"#\" class=\"toggle-heading\"><i class=\"fa fa-plus-circle\"><\/i>Quelle est la dur\u00e9e moyenne de vie ?<\/a><\/h3><div><div class=\"inner-toggle-wrap\">\n<div class=\"wpb_text_column wpb_content_element\" >\n\t<div class=\"wpb_wrapper\">\n\t\t<p class=\"p1\">La dur\u00e9e de vie d'une b\u00e2che \u00e0 patio d\u00e9pend de l'espace dans lequel elle est plac\u00e9e. Un abri de voiture situ\u00e9 dans une zone bois\u00e9e devra \u00eatre remplac\u00e9 plus t\u00f4t qu'une b\u00e2che de terrasse qui n'est suspendue qu'en \u00e9t\u00e9. En moyenne, un abri de terrasse en b\u00e2che dure donc une dizaine d'ann\u00e9es. Si vous souhaitez la remplacer, vous ne payez que la toile. La structure install\u00e9e ne doit pas \u00eatre remplac\u00e9e.<\/p>\n\t<\/div>\n<\/div>\n\n\n\n<\/div><\/div><\/div><div class=\"toggle default\" data-inner-wrap=\"true\"><h3 class=\"toggle-title\"><a href=\"#\" class=\"toggle-heading\"><i class=\"fa fa-plus-circle\"><\/i>Les auvents r\u00e9sistent-ils aux temp\u00eates ?<\/a><\/h3><div><div class=\"inner-toggle-wrap\">\n<div class=\"wpb_text_column wpb_content_element\" >\n\t<div class=\"wpb_wrapper\">\n\t\t<p>Les b\u00e2ches sont con\u00e7ues pour r\u00e9sister \u00e0 8 Bft (62-74 km\/h).<\/p>\n\t<\/div>\n<\/div>\n\n\n\n<\/div><\/div><\/div><div class=\"toggle default\" data-inner-wrap=\"true\"><h3 class=\"toggle-title\"><a href=\"#\" class=\"toggle-heading\"><i class=\"fa fa-plus-circle\"><\/i>Une toile d'abri de voiture est-elle exempte de permis ?<\/a><\/h3><div><div class=\"inner-toggle-wrap\">\n<div class=\"wpb_text_column wpb_content_element\" >\n\t<div class=\"wpb_wrapper\">\n\t\t<p class=\"p1\">Il est toujours judicieux de v\u00e9rifier si votre municipalit\u00e9 dispose d\u00e9j\u00e0 de certaines r\u00e9glementations en la mati\u00e8re. Toutefois, la pratique montre qu'en raison de la construction semi-permanente et non r\u00e9sistante \u00e0 la terre et aux clous, nous pouvons, dans la plupart des cas, obtenir une toiture d'abri de voiture sans permis. En outre, nous n'utilisons pas de fondations en b\u00e9ton mais des fondations viss\u00e9es. En outre, les carports en b\u00e2che sont semi-permanents car ils peuvent \u00eatre mont\u00e9s et d\u00e9mont\u00e9s en l'espace de dix minutes.<\/p>\n\t<\/div>\n<\/div>\n\n\n\n<\/div><\/div><\/div><div class=\"toggle default\" data-inner-wrap=\"true\"><h3 class=\"toggle-title\"><a href=\"#\" class=\"toggle-heading\"><i class=\"fa fa-plus-circle\"><\/i>Quel est le poids de la toile \u00e0 voile ?<\/a><\/h3><div><div class=\"inner-toggle-wrap\">\n<div class=\"wpb_text_column wpb_content_element\" >\n\t<div class=\"wpb_wrapper\">\n\t\t<p class=\"p1\">Nos b\u00e2ches p\u00e8sent entre 10 kg (20 m2) et 35 kg (120 m2) en fonction de la surface de l'auvent. Seul le textile est hiss\u00e9, car nous n'utilisons pas d'acier pour la finition des bords et des coins.<\/p>\n\t<\/div>\n<\/div>\n\n\n\n<\/div><\/div><\/div><div class=\"toggle default\" data-inner-wrap=\"true\"><h3 class=\"toggle-title\"><a href=\"#\" class=\"toggle-heading\"><i class=\"fa fa-plus-circle\"><\/i>Puis-je facilement monter et descendre la b\u00e2che ?<\/a><\/h3><div><div class=\"inner-toggle-wrap\">\n<div class=\"wpb_text_column wpb_content_element\" >\n\t<div class=\"wpb_wrapper\">\n\t\t<p class=\"p1\">Apr\u00e8s la livraison, vous pouvez monter et, si n\u00e9cessaire, d\u00e9monter l'auvent vous-m\u00eame. Cependant, l'id\u00e9e derri\u00e8re notre produit est de le laisser en place plus longtemps une fois qu'il est mont\u00e9. Nos auvents ne se pr\u00eatent pas aussi bien \u00e0 ceux qui veulent voir s'ils veulent des auvents au jour le jour. Le d\u00e9montage prend en moyenne 15 minutes. Vous mettez ensuite la b\u00e2che dans un sac de 1 m sur 1,5 m et vous pouvez la ranger. Veillez \u00e0 le faire un jour o\u00f9 il n'y a pas trop de vent.<\/p>\n\t<\/div>\n<\/div>\n\n\n\n<\/div><\/div><\/div><div class=\"toggle default\" data-inner-wrap=\"true\"><h3 class=\"toggle-title\"><a href=\"#\" class=\"toggle-heading\"><i class=\"fa fa-plus-circle\"><\/i>Comment entretenir la b\u00e2che ?<\/a><\/h3><div><div class=\"inner-toggle-wrap\">\n<div class=\"wpb_text_column wpb_content_element\" >\n\t<div class=\"wpb_wrapper\">\n\t\t<p>Les b\u00e2ches sont enduites d'un rev\u00eatement anti-salissures et hydrofuge. Afin de minimiser les dommages caus\u00e9s au rev\u00eatement, nous recommandons d'entretenir la toile par des averses de pluie et, si n\u00e9cessaire, \u00e0 l'aide d'un pulv\u00e9risateur \u00e0 haute pression (\u00e0 une distance appropri\u00e9e) ou d'un tuyau d'arrosage. N'utilisez pas de produits susceptibles d'endommager l'enduction.<\/p>\n\t<\/div>\n<\/div>\n\n\n\n<\/div><\/div><\/div><div class=\"toggle default\" data-inner-wrap=\"true\"><h3 class=\"toggle-title\"><a href=\"#\" class=\"toggle-heading\"><i class=\"fa fa-plus-circle\"><\/i>Quelle est la diff\u00e9rence entre une b\u00e2che Manta Roofs et une toile d'ombrage ordinaire ?<\/a><\/h3><div><div class=\"inner-toggle-wrap\">\n<div class=\"wpb_text_column wpb_content_element\" >\n\t<div class=\"wpb_wrapper\">\n\t\t<p class=\"p1\">Le nom fait tout de suite la diff\u00e9rence. Une toile d'ombrage est uniquement destin\u00e9e \u00e0 cr\u00e9er de l'ombre et elle le fait tr\u00e8s bien. Cependant, si vous recherchez une zone que vous pouvez laisser \u00e0 l'abri des intemp\u00e9ries, alors un auvent en toile \u00e0 voile devient plus int\u00e9ressant. Avec une toile d'ombrage, vous \u00eates oblig\u00e9 de la d\u00e9monter en cas de vent fort. De plus, une toile d'ombrage n'a pas la pr\u00e9-tension n\u00e9cessaire et \u00ab battra \u00bb toujours au vent. \u00c9tant donn\u00e9 la simplicit\u00e9 d'installation d'une toile d'ombrage, il y a beaucoup plus de fournisseurs de ce type de toile. Nous fabriquons des toits d'ombrage au lieu de toiles d'ombrage.<\/p>\n\t<\/div>\n<\/div>\n\n\n\n<\/div><\/div><\/div><div class=\"toggle default\" data-inner-wrap=\"true\"><h3 class=\"toggle-title\"><a href=\"#\" class=\"toggle-heading\"><i class=\"fa fa-plus-circle\"><\/i>Les b\u00e2ches sont-elles imperm\u00e9ables ?<\/a><\/h3><div><div class=\"inner-toggle-wrap\">\n<div class=\"wpb_text_column wpb_content_element\" >\n\t<div class=\"wpb_wrapper\">\n\t\t<p class=\"p1\">Les b\u00e2ches sont enduites d'un rev\u00eatement anti-salissures et hydrofuge. Tant que la pente de la toile est suffisante, l'eau s'\u00e9coule vers les points bas. Si, pour une raison quelconque, une poche d'eau se forme, l'eau finira par s'\u00e9couler.<\/p>\n\t<\/div>\n<\/div>\n\n\n\n<\/div><\/div><\/div><div class=\"toggle default\" data-inner-wrap=\"true\"><h3 class=\"toggle-title\"><a href=\"#\" class=\"toggle-heading\"><i class=\"fa fa-plus-circle\"><\/i>Travaillez-vous \u00e9galement avec des poteaux en bois ?<\/a><\/h3><div><div class=\"inner-toggle-wrap\">\n<div class=\"wpb_text_column wpb_content_element\" >\n\t<div class=\"wpb_wrapper\">\n\t\t<p class=\"p1\">Non, nos b\u00e2ches ne sont install\u00e9es qu'avec des m\u00e2ts en aluminium d'aspect luxueux. Cela est d\u00fb \u00e0 la force de traction continue exerc\u00e9e sur les points de fixation. Malheureusement, nous n'avons pas encore trouv\u00e9 d'essence de bois qui puisse r\u00e9sister \u00e0 ces forces tout en \u00e9tant abordable. Il est toutefois possible de faire rev\u00eatir les colonnes en acier inoxydable de n'importe quelle couleur RAL. Il s'agit souvent de choisir la m\u00eame couleur que les accents de la maison.<\/p>\n\t<\/div>\n<\/div>\n\n\n\n<\/div><\/div><\/div><\/div>\n\n\n\n\n\n\n\n\n\n\n\n\n\n\n\n\n\n\n\n\n\t\t\t<\/div> \n\t\t<\/div>\n\t<\/div> \n<\/div><\/div>\n\t\t<div id=\"fws_69de754c3232d\"  data-column-margin=\"default\" data-midnight=\"dark\"  class=\"wpb_row vc_row-fluid vc_row\"  style=\"padding-top: 0px; padding-bottom: 0px; \"><div class=\"row-bg-wrap\" data-bg-animation=\"none\" data-bg-animation-delay=\"\" data-bg-overlay=\"false\"><div class=\"inner-wrap row-bg-layer\" ><div class=\"row-bg viewport-desktop\"  style=\"\"><\/div><\/div><\/div><div class=\"row_col_wrap_12 col span_12 dark left\">\n\t<div  class=\"vc_col-sm-12 wpb_column column_container vc_column_container col no-extra-padding inherit_tablet inherit_phone\"  data-padding-pos=\"all\" data-has-bg-color=\"false\" data-bg-color=\"\" data-bg-opacity=\"1\" data-animation=\"\" data-delay=\"0\" >\n\t\t<div class=\"vc_column-inner\" >\n\t\t\t<div class=\"wpb_wrapper\">\n\t\t\t\t<div class=\"img-with-aniamtion-wrap center custom-size\" data-max-width=\"100%\" data-max-width-mobile=\"default\" data-shadow=\"none\" data-animation=\"none\" >\n      <div class=\"inner\">\n        <div class=\"hover-wrap\"> \n          <div class=\"hover-wrap-inner\">\n            <img loading=\"lazy\" decoding=\"async\" class=\"img-with-animation skip-lazy\" data-delay=\"0\" height=\"512\" width=\"512\" data-animation=\"none\" src=\"https:\/\/mantaroofs.be\/wp-content\/uploads\/2022\/11\/cropped-mantaRoofsFavicon-1.png\" alt=\"Logo_Manta_Roofs\" srcset=\"https:\/\/mantaroofs.be\/wp-content\/uploads\/2022\/11\/cropped-mantaRoofsFavicon-1.png 512w, https:\/\/mantaroofs.be\/wp-content\/uploads\/2022\/11\/cropped-mantaRoofsFavicon-1-300x300.png 300w, https:\/\/mantaroofs.be\/wp-content\/uploads\/2022\/11\/cropped-mantaRoofsFavicon-1-150x150.png 150w, https:\/\/mantaroofs.be\/wp-content\/uploads\/2022\/11\/cropped-mantaRoofsFavicon-1-100x100.png 100w, https:\/\/mantaroofs.be\/wp-content\/uploads\/2022\/11\/cropped-mantaRoofsFavicon-1-140x140.png 140w, https:\/\/mantaroofs.be\/wp-content\/uploads\/2022\/11\/cropped-mantaRoofsFavicon-1-500x500.png 500w, https:\/\/mantaroofs.be\/wp-content\/uploads\/2022\/11\/cropped-mantaRoofsFavicon-1-350x350.png 350w, https:\/\/mantaroofs.be\/wp-content\/uploads\/2022\/11\/cropped-mantaRoofsFavicon-1-270x270.png 270w, https:\/\/mantaroofs.be\/wp-content\/uploads\/2022\/11\/cropped-mantaRoofsFavicon-1-192x192.png 192w, https:\/\/mantaroofs.be\/wp-content\/uploads\/2022\/11\/cropped-mantaRoofsFavicon-1-180x180.png 180w, https:\/\/mantaroofs.be\/wp-content\/uploads\/2022\/11\/cropped-mantaRoofsFavicon-1-32x32.png 32w\" sizes=\"auto, (max-width: 512px) 100vw, 512px\" \/>\n          <\/div>\n        <\/div>\n      <\/div>\n    <\/div>\n\t\t\t<\/div> \n\t\t<\/div>\n\t<\/div> \n<\/div><\/div>","protected":false},"excerpt":{"rendered":"Faq Veelgestelde vragenWat is de levertijd van Manta Roofs? De verwachte levertijd vanaf het verstrekken van de opdracht is 4 tot 6 weken. Wij zetten alles in het werk om...","protected":false},"author":1,"featured_media":0,"parent":0,"menu_order":0,"comment_status":"closed","ping_status":"closed","template":"","meta":{"iawp_total_views":130,"footnotes":""},"class_list":["post-365","page","type-page","status-publish"],"aioseo_notices":[],"_links":{"self":[{"href":"https:\/\/mantaroofs.be\/fr\/wp-json\/wp\/v2\/pages\/365","targetHints":{"allow":["GET"]}}],"collection":[{"href":"https:\/\/mantaroofs.be\/fr\/wp-json\/wp\/v2\/pages"}],"about":[{"href":"https:\/\/mantaroofs.be\/fr\/wp-json\/wp\/v2\/types\/page"}],"author":[{"embeddable":true,"href":"https:\/\/mantaroofs.be\/fr\/wp-json\/wp\/v2\/users\/1"}],"replies":[{"embeddable":true,"href":"https:\/\/mantaroofs.be\/fr\/wp-json\/wp\/v2\/comments?post=365"}],"version-history":[{"count":14,"href":"https:\/\/mantaroofs.be\/fr\/wp-json\/wp\/v2\/pages\/365\/revisions"}],"predecessor-version":[{"id":2141,"href":"https:\/\/mantaroofs.be\/fr\/wp-json\/wp\/v2\/pages\/365\/revisions\/2141"}],"wp:attachment":[{"href":"https:\/\/mantaroofs.be\/fr\/wp-json\/wp\/v2\/media?parent=365"}],"curies":[{"name":"wp","href":"https:\/\/api.w.org\/{rel}","templated":true}]}}